{"id":2,"date":"2024-11-06T10:39:33","date_gmt":"2024-11-06T10:39:33","guid":{"rendered":"https:\/\/jeugdclub.jorwert.nl\/wordpress\/?page_id=2"},"modified":"2025-01-06T15:26:26","modified_gmt":"2025-01-06T15:26:26","slug":"sample-page","status":"publish","type":"page","link":"https:\/\/jeugdclub.jorwert.nl\/wordpress\/","title":{"rendered":"Informatie"},"content":{"rendered":"\t\t<div data-elementor-type=\"wp-page\" data-elementor-id=\"2\" class=\"elementor elementor-2\">\n\t\t\t\t<div class=\"elementor-element elementor-element-6179ff8 e-flex e-con-boxed e-con e-parent\" data-id=\"6179ff8\" data-element_type=\"container\">\n\t\t\t\t\t<div class=\"e-con-inner\">\n\t\t\t\t<div class=\"elementor-element elementor-element-54179eb elementor-widget elementor-widget-heading\" data-id=\"54179eb\" data-element_type=\"widget\" data-widget_type=\"heading.default\">\n\t\t\t\t<div class=\"elementor-widget-container\">\n\t\t\t\t\t<h2 class=\"elementor-heading-title elementor-size-default\">Over ons <\/h2>\t\t\t\t<\/div>\n\t\t\t\t<\/div>\n\t\t\t\t\t<\/div>\n\t\t\t\t<\/div>\n\t\t<div class=\"elementor-element elementor-element-b6d6fd2 e-con-full e-flex e-con e-parent\" data-id=\"b6d6fd2\" data-element_type=\"container\">\n\t\t\t\t<div class=\"elementor-element elementor-element-fd44f97 elementor-widget elementor-widget-text-editor\" data-id=\"fd44f97\" data-element_type=\"widget\" data-widget_type=\"text-editor.default\">\n\t\t\t\t<div class=\"elementor-widget-container\">\n\t\t\t\t\t\t\t\t\t<p>De Jeugdclub is een stichting speciaal voor jongeren van 10 tot ongeveer 20 jaar. Sinds 2005 staan plezier en verbinding bij ons centraal. Ons motto Voor de jeugd, van de jeugd zegt het al: onze activiteiten worden niet alleen georganiseerd v\u00f3\u00f3r jongeren, maar ook d\u00f3\u00f3r jongeren zelf.<\/p><p>Door de fusie van scholen in meerdere dorpen bereiken we inmiddels niet alleen de jeugd van Jorwert, maar ook jongeren uit omliggende dorpen sluiten aan bij onze activiteiten. Dit maakt onze club een levendig en gevarieerd geheel!<\/p><p>We organiseren allerlei activiteiten, zoals paintballen, fierljeppen, spooktochten, sporttoernooien en boksen. En dat is nog maar een kleine greep uit ons aanbod! E\u00e9n van de hoogtepunten is ons jaarlijkse weekendje naar Ameland in het voorjaar. Van vrijdagmiddag tot zondagavond verblijven we met de hele club in kampeerboerderij Blierherne\u2014een weekend vol gezelligheid en avontuur!<\/p><p>Bij De Jeugdclub is iedereen welkom. We vinden het belangrijk dat iedereen kan meedoen. We maken onze activiteiten voor iedereen toegankelijk door een groot deel van de kosten te sponsoren. Dit wordt mogelijk dankzij onze eigen ophaalacties en de inzet van de jeugdclub zelf.<\/p><p>Samen zorgen we voor een plek waar niemand zich hoeft te vervelen en waar verbinding en plezier voorop staan.<\/p>\t\t\t\t\t\t\t\t<\/div>\n\t\t\t\t<\/div>\n\t\t\t\t<\/div>\n\t\t\t\t<\/div>\n\t\t","protected":false},"excerpt":{"rendered":"<p>Over ons De Jeugdclub is een stichting speciaal voor jongeren van 10 tot ongeveer 20 jaar. Sinds 2005 staan plezier en verbinding bij ons centraal. Ons motto Voor de jeugd, van de jeugd zegt het al: onze activiteiten worden niet alleen georganiseerd v\u00f3\u00f3r jongeren, maar ook d\u00f3\u00f3r jongeren zelf. Door de fusie van scholen in &hellip; <\/p>\n<p class=\"link-more\"><a href=\"https:\/\/jeugdclub.jorwert.nl\/wordpress\/\" class=\"more-link\">Lees meer<span class=\"screen-reader-text\"> &#8220;Informatie&#8221;<\/span><\/a><\/p>\n","protected":false},"author":1,"featured_media":0,"parent":0,"menu_order":0,"comment_status":"closed","ping_status":"open","template":"","meta":{"footnotes":""},"class_list":["post-2","page","type-page","status-publish","hentry"],"yoast_head":"<!-- This site is optimized with the Yoast SEO plugin v27.5 - https:\/\/yoast.com\/product\/yoast-seo-wordpress\/ -->\n<title>Informatie - Jeugdclub Jorwert<\/title>\n<meta name=\"robots\" content=\"index, follow, max-snippet:-1, max-image-preview:large, max-video-preview:-1\" \/>\n<link rel=\"canonical\" href=\"https:\/\/jeugdclub.jorwert.nl\/wordpress\/\" \/>\n<meta property=\"og:locale\" content=\"nl_NL\" \/>\n<meta property=\"og:type\" content=\"article\" \/>\n<meta property=\"og:title\" content=\"Informatie - Jeugdclub Jorwert\" \/>\n<meta property=\"og:description\" content=\"Over ons De Jeugdclub is een stichting speciaal voor jongeren van 10 tot ongeveer 20 jaar. Sinds 2005 staan plezier en verbinding bij ons centraal. Ons motto Voor de jeugd, van de jeugd zegt het al: onze activiteiten worden niet alleen georganiseerd v\u00f3\u00f3r jongeren, maar ook d\u00f3\u00f3r jongeren zelf. Door de fusie van scholen in &hellip; Lees meer &quot;Informatie&quot;\" \/>\n<meta property=\"og:url\" content=\"https:\/\/jeugdclub.jorwert.nl\/wordpress\/\" \/>\n<meta property=\"og:site_name\" content=\"Jeugdclub Jorwert\" \/>\n<meta property=\"article:modified_time\" content=\"2025-01-06T15:26:26+00:00\" \/>\n<meta name=\"twitter:card\" content=\"summary_large_image\" \/>\n<meta name=\"twitter:label1\" content=\"Geschatte leestijd\" \/>\n\t<meta name=\"twitter:data1\" content=\"2 minuten\" \/>\n<script type=\"application\/ld+json\" class=\"yoast-schema-graph\">{\"@context\":\"https:\\\/\\\/schema.org\",\"@graph\":[{\"@type\":\"WebPage\",\"@id\":\"https:\\\/\\\/jeugdclub.jorwert.nl\\\/wordpress\\\/\",\"url\":\"https:\\\/\\\/jeugdclub.jorwert.nl\\\/wordpress\\\/\",\"name\":\"Informatie - Jeugdclub Jorwert\",\"isPartOf\":{\"@id\":\"https:\\\/\\\/jeugdclub.jorwert.nl\\\/wordpress\\\/#website\"},\"datePublished\":\"2024-11-06T10:39:33+00:00\",\"dateModified\":\"2025-01-06T15:26:26+00:00\",\"breadcrumb\":{\"@id\":\"https:\\\/\\\/jeugdclub.jorwert.nl\\\/wordpress\\\/#breadcrumb\"},\"inLanguage\":\"nl-NL\",\"potentialAction\":[{\"@type\":\"ReadAction\",\"target\":[\"https:\\\/\\\/jeugdclub.jorwert.nl\\\/wordpress\\\/\"]}]},{\"@type\":\"BreadcrumbList\",\"@id\":\"https:\\\/\\\/jeugdclub.jorwert.nl\\\/wordpress\\\/#breadcrumb\",\"itemListElement\":[{\"@type\":\"ListItem\",\"position\":1,\"name\":\"Home\",\"item\":\"https:\\\/\\\/jeugdclub.jorwert.nl\\\/wordpress\\\/\"},{\"@type\":\"ListItem\",\"position\":2,\"name\":\"Informatie\"}]},{\"@type\":\"WebSite\",\"@id\":\"https:\\\/\\\/jeugdclub.jorwert.nl\\\/wordpress\\\/#website\",\"url\":\"https:\\\/\\\/jeugdclub.jorwert.nl\\\/wordpress\\\/\",\"name\":\"Jeugdclub Jorwert\",\"description\":\"Voor de Jeugd, van de Jeugd\",\"potentialAction\":[{\"@type\":\"SearchAction\",\"target\":{\"@type\":\"EntryPoint\",\"urlTemplate\":\"https:\\\/\\\/jeugdclub.jorwert.nl\\\/wordpress\\\/?s={search_term_string}\"},\"query-input\":{\"@type\":\"PropertyValueSpecification\",\"valueRequired\":true,\"valueName\":\"search_term_string\"}}],\"inLanguage\":\"nl-NL\"}]}<\/script>\n<!-- \/ Yoast SEO plugin. -->","yoast_head_json":{"title":"Informatie - Jeugdclub Jorwert","robots":{"index":"index","follow":"follow","max-snippet":"max-snippet:-1","max-image-preview":"max-image-preview:large","max-video-preview":"max-video-preview:-1"},"canonical":"https:\/\/jeugdclub.jorwert.nl\/wordpress\/","og_locale":"nl_NL","og_type":"article","og_title":"Informatie - Jeugdclub Jorwert","og_description":"Over ons De Jeugdclub is een stichting speciaal voor jongeren van 10 tot ongeveer 20 jaar. Sinds 2005 staan plezier en verbinding bij ons centraal. Ons motto Voor de jeugd, van de jeugd zegt het al: onze activiteiten worden niet alleen georganiseerd v\u00f3\u00f3r jongeren, maar ook d\u00f3\u00f3r jongeren zelf. Door de fusie van scholen in &hellip; Lees meer \"Informatie\"","og_url":"https:\/\/jeugdclub.jorwert.nl\/wordpress\/","og_site_name":"Jeugdclub Jorwert","article_modified_time":"2025-01-06T15:26:26+00:00","twitter_card":"summary_large_image","twitter_misc":{"Geschatte leestijd":"2 minuten"},"schema":{"@context":"https:\/\/schema.org","@graph":[{"@type":"WebPage","@id":"https:\/\/jeugdclub.jorwert.nl\/wordpress\/","url":"https:\/\/jeugdclub.jorwert.nl\/wordpress\/","name":"Informatie - Jeugdclub Jorwert","isPartOf":{"@id":"https:\/\/jeugdclub.jorwert.nl\/wordpress\/#website"},"datePublished":"2024-11-06T10:39:33+00:00","dateModified":"2025-01-06T15:26:26+00:00","breadcrumb":{"@id":"https:\/\/jeugdclub.jorwert.nl\/wordpress\/#breadcrumb"},"inLanguage":"nl-NL","potentialAction":[{"@type":"ReadAction","target":["https:\/\/jeugdclub.jorwert.nl\/wordpress\/"]}]},{"@type":"BreadcrumbList","@id":"https:\/\/jeugdclub.jorwert.nl\/wordpress\/#breadcrumb","itemListElement":[{"@type":"ListItem","position":1,"name":"Home","item":"https:\/\/jeugdclub.jorwert.nl\/wordpress\/"},{"@type":"ListItem","position":2,"name":"Informatie"}]},{"@type":"WebSite","@id":"https:\/\/jeugdclub.jorwert.nl\/wordpress\/#website","url":"https:\/\/jeugdclub.jorwert.nl\/wordpress\/","name":"Jeugdclub Jorwert","description":"Voor de Jeugd, van de Jeugd","potentialAction":[{"@type":"SearchAction","target":{"@type":"EntryPoint","urlTemplate":"https:\/\/jeugdclub.jorwert.nl\/wordpress\/?s={search_term_string}"},"query-input":{"@type":"PropertyValueSpecification","valueRequired":true,"valueName":"search_term_string"}}],"inLanguage":"nl-NL"}]}},"_links":{"self":[{"href":"https:\/\/jeugdclub.jorwert.nl\/wordpress\/wp-json\/wp\/v2\/pages\/2","targetHints":{"allow":["GET"]}}],"collection":[{"href":"https:\/\/jeugdclub.jorwert.nl\/wordpress\/wp-json\/wp\/v2\/pages"}],"about":[{"href":"https:\/\/jeugdclub.jorwert.nl\/wordpress\/wp-json\/wp\/v2\/types\/page"}],"author":[{"embeddable":true,"href":"https:\/\/jeugdclub.jorwert.nl\/wordpress\/wp-json\/wp\/v2\/users\/1"}],"replies":[{"embeddable":true,"href":"https:\/\/jeugdclub.jorwert.nl\/wordpress\/wp-json\/wp\/v2\/comments?post=2"}],"version-history":[{"count":14,"href":"https:\/\/jeugdclub.jorwert.nl\/wordpress\/wp-json\/wp\/v2\/pages\/2\/revisions"}],"predecessor-version":[{"id":44,"href":"https:\/\/jeugdclub.jorwert.nl\/wordpress\/wp-json\/wp\/v2\/pages\/2\/revisions\/44"}],"wp:attachment":[{"href":"https:\/\/jeugdclub.jorwert.nl\/wordpress\/wp-json\/wp\/v2\/media?parent=2"}],"curies":[{"name":"wp","href":"https:\/\/api.w.org\/{rel}","templated":true}]}}